{"id":2950,"date":"2014-12-11T02:39:30","date_gmt":"2014-12-11T09:39:30","guid":{"rendered":"https:\/\/uuu.smartstartcanada.ca\/?page_id=2950"},"modified":"2025-08-27T10:25:19","modified_gmt":"2025-08-27T16:25:19","slug":"home","status":"publish","type":"page","link":"https:\/\/www.smartstartcanada.ca\/fr\/","title":{"rendered":"Accueil"},"content":{"rendered":"<h3>FIABILIT\u00c9<\/h3>\n<p>Nos antid\u00e9marreurs \u00e9thylom\u00e9triques sont non seulement fiables et pratiques; ils offrent aussi une multitude de fonctionnalit\u00e9s personnalis\u00e9es. Mis au point exclusivement pour nos clients, nos antid\u00e9marreurs \u00e9thylom\u00e9triques font appel \u00e0 une technologie de pointe intuitive et conviviale.<\/p>\n<h3>SERVICE \u00c0 LA CLIENT\u00c8LE AVEC DE \u00ab VRAIS \u00bb SP\u00c9CIALISTES<\/h3>\n<p>Lorsque vous t\u00e9l\u00e9phonez \u00e0 Smart Start, un de nos sp\u00e9cialistes bilingues qualifi\u00e9s vous r\u00e9pondra. Notre objectif est de r\u00e9pondre \u00e0 vos questions 24 h\/24, 7 j\/7.<\/p>\n<h3>FORMATION SIMPLE ET EFFICACE<\/h3>\n<p>Nous offrons une formation sur le produit au moment de son installation, et nos vid\u00e9os de formation sont accessibles \u00e0 nos centres de service et en ligne.<\/p>\n<h3>NOTRE PRIORIT\u00c9 : VOTRE SATISFACTION<\/h3>\n<p>Nous vous aiderons \u00e0 poursuivre vos activit\u00e9s quotidiennes normales avec un minimum de perturbations.<\/p>\n","protected":false},"excerpt":{"rendered":"<p>FIABILIT\u00c9 Nos antid\u00e9marreurs \u00e9thylom\u00e9triques sont non seulement fiables et pratiques; ils offrent aussi une multitude de fonctionnalit\u00e9s personnalis\u00e9es. Mis au point exclusivement pour nos clients, nos antid\u00e9marreurs \u00e9thylom\u00e9triques font appel&#8230;<\/p>\n","protected":false},"author":1,"featured_media":3461,"parent":0,"menu_order":0,"comment_status":"open","ping_status":"open","template":"templates\/page-homepage.php","meta":{"_acf_changed":false,"footnotes":""},"class_list":["post-2950","page","type-page","status-publish","has-post-thumbnail","hentry","wpautop"],"acf":[],"_links":{"self":[{"href":"https:\/\/www.smartstartcanada.ca\/fr\/wp-json\/wp\/v2\/pages\/2950","targetHints":{"allow":["GET"]}}],"collection":[{"href":"https:\/\/www.smartstartcanada.ca\/fr\/wp-json\/wp\/v2\/pages"}],"about":[{"href":"https:\/\/www.smartstartcanada.ca\/fr\/wp-json\/wp\/v2\/types\/page"}],"author":[{"embeddable":true,"href":"https:\/\/www.smartstartcanada.ca\/fr\/wp-json\/wp\/v2\/users\/1"}],"replies":[{"embeddable":true,"href":"https:\/\/www.smartstartcanada.ca\/fr\/wp-json\/wp\/v2\/comments?post=2950"}],"version-history":[{"count":0,"href":"https:\/\/www.smartstartcanada.ca\/fr\/wp-json\/wp\/v2\/pages\/2950\/revisions"}],"wp:featuredmedia":[{"embeddable":true,"href":"https:\/\/www.smartstartcanada.ca\/fr\/wp-json\/wp\/v2\/media\/3461"}],"wp:attachment":[{"href":"https:\/\/www.smartstartcanada.ca\/fr\/wp-json\/wp\/v2\/media?parent=2950"}],"curies":[{"name":"wp","href":"https:\/\/api.w.org\/{rel}","templated":true}]}}