{"id":2954,"date":"2014-12-09T23:41:48","date_gmt":"2014-12-10T06:41:48","guid":{"rendered":"https:\/\/uuu.smartstartcanada.ca\/contact-us\/"},"modified":"2025-11-14T12:10:50","modified_gmt":"2025-11-14T19:10:50","slug":"contactez-nous","status":"publish","type":"page","link":"https:\/\/www.smartstartcanada.ca\/fr\/contactez-nous\/","title":{"rendered":"Contactez-Nous"},"content":{"rendered":"<h3><strong>PLANIFIER UNE INSTALLATION<\/strong><\/h3>\n<p>Le formulaire ci-dessous permet de prendre rapidement rendez-vous pour l\u2019installation de votre antid\u00e9marreur \u00e9thylom\u00e9trique <strong>sans qu\u2019il soit n\u00e9cessaire de communiquer avec le centre d\u2019appels de Smart Start Canada<\/strong>. Veuillez vous assurer que tous les renseignements saisis sont exacts.<br \/>\nDes renseignements incomplets ou inexacts retarderont le traitement de votre rendez-vous.<\/p>\n<p><a href=\"\/fr\/quebec\/formulaire-dinstallation-pour-les-clients-du-quebec\/\" class=\"smartsweb button\">QU\u00c9BEC<\/a><!-- <a href=\"\/fr\/alberta\/formulaire-dinstallation-pour-les-clients-de-lalberta\/\" class=\"smartsweb button\">ALBERTA<\/a> <a href=\"\/fr\/colombie-britannique\/installation-de-la-colombie-britannique\/\" class=\"smartsweb button\">COLOMBIE-BRITANNIQUE<\/a> <a href=\"\/fr\/manitoba\/formulaire-dinstallation-pour-les-clients-du-manitoba\/\" class=\"smartsweb button\">MANITOBA<\/a> <a href=\"\/fr\/ontario\/formulaire-dinstallation-pour-les-clients-du-ontario\/\" class=\"smartsweb button\">ONTARIO<\/a> <a href=\"\/fr\/saskatchewan\/formulaire-dinstallation-pour-les-clients-de-la-saskatchewan\/\" class=\"smartsweb button\">SASKATCHEWAN<\/a> --><\/p>\n<hr \/>\n<p>&nbsp;<\/p>\n<div class=\"medium-6 columns\"><img loading=\"lazy\" decoding=\"async\" width=\"191\" height=\"104\" class=\"size-full wp-image-256\" src=\"\/wp-content\/uploads\/2014\/12\/logo.png\" alt=\"Smart Start Canada ULC\" \/><\/p>\n<h5>Smart Start Canada ULC<\/h5>\n<table>\n<tbody>\n<tr>\n<td><strong>Province de Qu\u00e9bec :<\/strong><\/td>\n<td><a href=\"tel:8442828300\" class=\"ppc-tele\">(844) 282-8300<\/a><\/td>\n<\/tr>\n<tr>\n<td><strong>Ouest \/ Centre du Canada :<\/strong><\/td>\n<td><a href=\"tel:8444324776\" class=\"ppc-tele\">(844) 432-4776<\/a><\/td>\n<\/tr>\n<\/tbody>\n<\/table>\n<\/div>\n<p>Smart Start s\u2019engage \u00e0 faire de l\u2019exp\u00e9rience client une priorit\u00e9 absolue.<\/p>\n<p><a class=\"smartsweb button\" href=\"\/fr\/contactez-nous\/experience-client\/\">Satisfaction Client<\/a> <a class=\"smartsweb button\" href=\"\/fr\/contactez-nous\/code-de-conduite-en-matiere-de-satisfaction-de-la-clientele\/\">Code de Conduite<\/a><\/p>\n","protected":false},"excerpt":{"rendered":"<p>PLANIFIER UNE INSTALLATION Le formulaire ci-dessous permet de prendre rapidement rendez-vous pour l\u2019installation de votre antid\u00e9marreur \u00e9thylom\u00e9trique sans qu\u2019il soit n\u00e9cessaire de communiquer avec le centre d\u2019appels de Smart Start&#8230;<\/p>\n","protected":false},"author":1,"featured_media":0,"parent":0,"menu_order":0,"comment_status":"open","ping_status":"open","template":"","meta":{"_acf_changed":false,"footnotes":""},"class_list":["post-2954","page","type-page","status-publish","hentry","wpautop"],"acf":[],"_links":{"self":[{"href":"https:\/\/www.smartstartcanada.ca\/fr\/wp-json\/wp\/v2\/pages\/2954","targetHints":{"allow":["GET"]}}],"collection":[{"href":"https:\/\/www.smartstartcanada.ca\/fr\/wp-json\/wp\/v2\/pages"}],"about":[{"href":"https:\/\/www.smartstartcanada.ca\/fr\/wp-json\/wp\/v2\/types\/page"}],"author":[{"embeddable":true,"href":"https:\/\/www.smartstartcanada.ca\/fr\/wp-json\/wp\/v2\/users\/1"}],"replies":[{"embeddable":true,"href":"https:\/\/www.smartstartcanada.ca\/fr\/wp-json\/wp\/v2\/comments?post=2954"}],"version-history":[{"count":0,"href":"https:\/\/www.smartstartcanada.ca\/fr\/wp-json\/wp\/v2\/pages\/2954\/revisions"}],"wp:attachment":[{"href":"https:\/\/www.smartstartcanada.ca\/fr\/wp-json\/wp\/v2\/media?parent=2954"}],"curies":[{"name":"wp","href":"https:\/\/api.w.org\/{rel}","templated":true}]}}