{"id":3009,"date":"2014-12-15T14:55:28","date_gmt":"2014-12-15T20:55:28","guid":{"rendered":"https:\/\/uuu.smartstartcanada.ca\/?page_id=3009"},"modified":"2020-10-13T17:01:09","modified_gmt":"2020-10-13T22:01:09","slug":"politique-de-confidentialite","status":"publish","type":"page","link":"https:\/\/www.smartstartcanada.ca\/fr\/politique-de-confidentialite\/","title":{"rendered":"Politique de Confidentialit\u00e9"},"content":{"rendered":"<p>Chez Smart Start Canada, nous portons une grande attention \u00e0 nos clients et au droit \u00e0 la vie priv\u00e9e. Nous savons que vous achetez nos produits et services parce que vous avez confiance que nous tiendrons nos promesses. Nous nous engageons \u00e0 traiter vos renseignements de fa\u00e7on responsable. Nous avons \u00e9labor\u00e9 la pr\u00e9sente politique pour vous d\u00e9montrer que nous travaillons fort pour prot\u00e9ger votre vie priv\u00e9e.<\/p>\n<p>Nous prenons note des pr\u00e9occupations quant \u00e0 la collecte et \u00e0 la transmission des renseignements personnels dans Internet et d\u2019autres applications Web. Par cons\u00e9quent, nous avons mis en place des normes et des proc\u00e9dures relativement \u00e0 la collecte et \u00e0 l\u2019utilisation des renseignements sur nos clients. Nous avons \u00e9galement pris des mesures pour prot\u00e9ger les renseignements fournis contre une utilisation ou une divulgation non autoris\u00e9es. Les dispositions suivantes s\u2019appliquent \u00e0 la collecte et \u00e0 la protection des renseignements recueillis dans le site Web.<\/p>\n<p>Nous pouvons recueillir des renseignements personnels, y compris, mais sans s\u2019y limiter, votre nom, le nom de votre entreprise et votre adresse \u00e9lectronique.<br \/>\nLes renseignements personnels ne seront recueillis qu\u2019\u00e0 partir des formulaires que vous nous soumettez volontairement pendant le processus de sondage et des autres transactions que vous ex\u00e9cutez par l\u2019entremise du site Web. Ces renseignements seront utilis\u00e9s pour confirmer votre identit\u00e9. Nous pouvons aussi utiliser vos renseignements pour mettre \u00e0 jour l\u2019information sur votre compte et vous communiquer des offres sp\u00e9ciales.<\/p>\n<p>Nous ne divulguerons pas intentionnellement les renseignements recueillis dans ce site \u00e0 une autre personne ou entit\u00e9 autre que Smart Start Canada et ses affili\u00e9s sans votre autorisation, \u00e0 moins que la divulgation soit : a) n\u00e9cessaire \u00e0 la tenue de nos activit\u00e9s, b) requise ou autoris\u00e9e par la loi et c) n\u00e9cessaire \u00e0 la r\u00e9alisation de recherches ou de calculs actuariels ou \u00e0 la transmission \u00e0 d\u2019autres entreprises aux fins de r\u00e9alisation d\u2019\u00e9tudes.<\/p>\n<p><strong>Protection<\/strong><\/p>\n<p>Les renseignements personnels que nous recueillons dans ce site Web sont stock\u00e9s \u00e0 l\u2019aide d\u2019un serveur s\u00e9curis\u00e9. Nous utilisons ce mode de stockage pour aider \u00e0 prot\u00e9ger les renseignements fournis. Veuillez prendre note que les courriels transmis par Internet pourraient \u00eatre affich\u00e9s, modifi\u00e9s ou copi\u00e9s par des tiers. Nous d\u00e9clinons toute responsabilit\u00e9 en mati\u00e8re de protection des communications transmises par Internet et par courrier \u00e9lectronique. Si vous souhaitez nous transmettre des renseignements n\u00e9vralgiques au sujet de votre entreprise, n\u2019h\u00e9sitez pas \u00e0 nous t\u00e9l\u00e9phoner ou \u00e0 nous \u00e9crire pour prot\u00e9ger la confidentialit\u00e9 de votre correspondance.<br \/>\nAvis de modification ou de r\u00e9vision<\/p>\n<p>Nous publierons les changements apport\u00e9s \u00e0 notre \u00e9nonc\u00e9 sur la confidentialit\u00e9 dans le pr\u00e9sent site Web. Nous vous invitons \u00e0 consulter p\u00e9riodiquement la Politique de confidentialit\u00e9 pour lire la plus r\u00e9cente version.<\/p>\n<p>Date d\u2019entr\u00e9e en vigueur : Le 13 octobre 2009<\/p>\n","protected":false},"excerpt":{"rendered":"<p>Chez Smart Start Canada, nous portons une grande attention \u00e0 nos clients et au droit \u00e0 la vie priv\u00e9e. Nous savons que vous achetez nos produits et services parce que&#8230;<\/p>\n","protected":false},"author":1,"featured_media":0,"parent":0,"menu_order":0,"comment_status":"open","ping_status":"open","template":"","meta":{"_acf_changed":false,"footnotes":""},"class_list":["post-3009","page","type-page","status-publish","hentry","wpautop"],"acf":[],"_links":{"self":[{"href":"https:\/\/www.smartstartcanada.ca\/fr\/wp-json\/wp\/v2\/pages\/3009","targetHints":{"allow":["GET"]}}],"collection":[{"href":"https:\/\/www.smartstartcanada.ca\/fr\/wp-json\/wp\/v2\/pages"}],"about":[{"href":"https:\/\/www.smartstartcanada.ca\/fr\/wp-json\/wp\/v2\/types\/page"}],"author":[{"embeddable":true,"href":"https:\/\/www.smartstartcanada.ca\/fr\/wp-json\/wp\/v2\/users\/1"}],"replies":[{"embeddable":true,"href":"https:\/\/www.smartstartcanada.ca\/fr\/wp-json\/wp\/v2\/comments?post=3009"}],"version-history":[{"count":0,"href":"https:\/\/www.smartstartcanada.ca\/fr\/wp-json\/wp\/v2\/pages\/3009\/revisions"}],"wp:attachment":[{"href":"https:\/\/www.smartstartcanada.ca\/fr\/wp-json\/wp\/v2\/media?parent=3009"}],"curies":[{"name":"wp","href":"https:\/\/api.w.org\/{rel}","templated":true}]}}