{"id":3020,"date":"2014-12-15T15:43:34","date_gmt":"2014-12-15T21:43:34","guid":{"rendered":"https:\/\/uuu.smartstartcanada.ca\/international\/"},"modified":"2018-11-01T11:34:45","modified_gmt":"2018-11-01T16:34:45","slug":"international","status":"publish","type":"page","link":"https:\/\/www.smartstartcanada.ca\/fr\/centres-de-services\/international\/","title":{"rendered":"International"},"content":{"rendered":"<h2 style=\"margin-bottom:30px;\">CHOISIR VOTRE PAYS<\/h2>\n<div class=\"medium-3 columns text-center\">\n<h3 class=\"iconbox_content_title\" itemprop=\"headline\"><a href=\"http:\/\/www.smartstartinterlocks.com.au\" style=\"color:#4ba742;\" title=\"Australie\">Australie<\/a><\/h3>\n<\/div>\n<div class=\"medium-3 columns text-center\">\n<h3 class=\"iconbox_content_title\" itemprop=\"headline\"><a href=\"http:\/\/www.tscom.cl\/\" style=\"color:#4ba742;\" title=\"Chile\">Chile<\/a><\/h3>\n<\/div>\n<div class=\"medium-3 columns text-center\">\n<h3 class=\"iconbox_content_title\" itemprop=\"headline\">Costa Rica<\/h3>\n<\/div>\n<div class=\"medium-3 columns text-center\">\n<h3 class=\"iconbox_content_title\" itemprop=\"headline\">Colombie<\/h3>\n<\/div>\n<div class=\"medium-3 columns text-center\">\n<h3 class=\"iconbox_content_title\" itemprop=\"headline\"><a href=\"http:\/\/www.jawin.dk\" style=\"color:#4ba742;\" title=\"Danemark\">Danemark<\/a><\/h3>\n<\/div>\n<div class=\"medium-3 columns text-center\">\n<h3 class=\"iconbox_content_title\" itemprop=\"headline\"><a href=\"http:\/\/www.smartstart.fi\" style=\"color:#4ba742;\" title=\"Estonie\">Estonie<\/a><\/h3>\n<\/div>\n<div class=\"medium-3 columns text-center\">\n<h3 class=\"iconbox_content_title\" itemprop=\"headline\"><a href=\"http:\/\/www.smartstart.fi\" style=\"color:#4ba742;\" title=\"Finlande\">Finlande<\/a><\/h3>\n<\/div>\n<div class=\"medium-3 columns text-center\">\n<h3 class=\"iconbox_content_title\" itemprop=\"headline\">France<\/h3>\n<\/div>\n<div class=\"medium-3 columns text-center\">\n<h3 class=\"iconbox_content_title\" itemprop=\"headline\"><a href=\"http:\/\/www.jawin.dk\" style=\"color:#4ba742;\" title=\"Islande\">Islande<\/a><\/h3>\n<\/div>\n<div class=\"medium-3 columns text-center\">\n<h3 class=\"iconbox_content_title\" itemprop=\"headline\"><a href=\"http:\/\/www.smartstart.fi\" style=\"color:#4ba742;\" title=\"Lettonie\">Lettonie<\/a><\/h3>\n<\/div>\n<div class=\"medium-3 columns text-center\">\n<h3 class=\"iconbox_content_title\" itemprop=\"headline\"><a href=\"http:\/\/www.smartstart.fi\" style=\"color:#4ba742;\" title=\"Lithuanie\">Lithuanie<\/a><\/h3>\n<\/div>\n<div class=\"medium-3 columns text-center\">\n<h3 class=\"iconbox_content_title\" itemprop=\"headline\"><a href=\"http:\/\/www.tekdiagnostic.mx\/\" style=\"color:#4ba742;\" title=\"Mexique\">Mexique<\/a><\/h3>\n<\/div>\n<div class=\"medium-3 columns text-center\">\n<h3 class=\"iconbox_content_title\" itemprop=\"headline\"><a href=\"http:\/\/www.smartstartinterlocks.co.nz\/\" style=\"color:#4ba742;\" title=\"Nouvelle-Z\u00e9lande\">Nouvelle-Z\u00e9lande<\/a><\/h3>\n<\/div>\n<div class=\"medium-3 columns text-center\">\n<h3 class=\"iconbox_content_title\" itemprop=\"headline\">Norv\u00e8ge<\/h3>\n<\/div>\n<div class=\"medium-3 columns text-center\">\n<h3 class=\"iconbox_content_title\" itemprop=\"headline\"><a href=\"http:\/\/www.alcosystem.pl\" style=\"color:#4ba742;\" title=\"Pologne\">Pologne<\/a><\/h3>\n<\/div>\n<div class=\"medium-3 columns text-center\">\n<h3 class=\"iconbox_content_title\" itemprop=\"headline\">Espagne<\/h3>\n<\/div>\n<div class=\"medium-3 columns text-center\">\n<h3 class=\"iconbox_content_title\" itemprop=\"headline\"><a href=\"http:\/\/www.maluxalkolas.se\/sv\" style=\"color:#4ba742;\" title=\"Su\u00e8de\">Su\u00e8de<\/a><\/h3>\n<\/div>\n<div class=\"medium-3 columns text-center\">\n<h3 class=\"iconbox_content_title\" itemprop=\"headline\"><a href=\"https:\/\/www.smartstartinc.com\/\" style=\"color:#4ba742;\" title=\"Canada\">\u00c9tats Unis<\/a><\/h3>\n<\/div>\n","protected":false},"excerpt":{"rendered":"<p>CHOISIR VOTRE PAYS Australie Chile Costa Rica Colombie Danemark Estonie Finlande France Islande Lettonie Lithuanie Mexique Nouvelle-Z\u00e9lande Norv\u00e8ge Pologne Espagne Su\u00e8de \u00c9tats Unis<\/p>\n","protected":false},"author":1,"featured_media":0,"parent":3096,"menu_order":0,"comment_status":"open","ping_status":"closed","template":"templates\/page-fullwidth.php","meta":{"_acf_changed":false,"footnotes":""},"class_list":["post-3020","page","type-page","status-publish","hentry","wpautop"],"acf":[],"_links":{"self":[{"href":"https:\/\/www.smartstartcanada.ca\/fr\/wp-json\/wp\/v2\/pages\/3020","targetHints":{"allow":["GET"]}}],"collection":[{"href":"https:\/\/www.smartstartcanada.ca\/fr\/wp-json\/wp\/v2\/pages"}],"about":[{"href":"https:\/\/www.smartstartcanada.ca\/fr\/wp-json\/wp\/v2\/types\/page"}],"author":[{"embeddable":true,"href":"https:\/\/www.smartstartcanada.ca\/fr\/wp-json\/wp\/v2\/users\/1"}],"replies":[{"embeddable":true,"href":"https:\/\/www.smartstartcanada.ca\/fr\/wp-json\/wp\/v2\/comments?post=3020"}],"version-history":[{"count":0,"href":"https:\/\/www.smartstartcanada.ca\/fr\/wp-json\/wp\/v2\/pages\/3020\/revisions"}],"up":[{"embeddable":true,"href":"https:\/\/www.smartstartcanada.ca\/fr\/wp-json\/wp\/v2\/pages\/3096"}],"wp:attachment":[{"href":"https:\/\/www.smartstartcanada.ca\/fr\/wp-json\/wp\/v2\/media?parent=3020"}],"curies":[{"name":"wp","href":"https:\/\/api.w.org\/{rel}","templated":true}]}}