{"id":3023,"date":"2014-12-09T23:24:57","date_gmt":"2014-12-10T06:24:57","guid":{"rendered":"https:\/\/uuu.smartstartcanada.ca\/produits\/ignition-interlock\/"},"modified":"2020-06-23T20:27:40","modified_gmt":"2020-06-24T01:27:40","slug":"antidemarreur","status":"publish","type":"page","link":"https:\/\/www.smartstartcanada.ca\/fr\/produits\/antidemarreur\/","title":{"rendered":"Antid\u00e9marreur \u00e9thylom\u00e9trique"},"content":{"rendered":"<p>L&#8217;antide\u0301marreur s\u00e9rie SSI-20\/30\u2122 utilise la plus r\u00e9cente technologie de Smart Start Inc en mati\u00e8re d\u2019antid\u00e9marreurs \u00e9thylom\u00e9triques. Cet appareil plus \u00e9conomique et discret facilite l\u2019installation, l\u2019utilisation et la surveillance.<\/p>\n<p><strong>Fonctionnalit\u00e9s d&#8217;antide\u0301marreur s\u00e9rie SSI-20\/30\u2122 :<\/strong><\/p>\n<ul>\n<li>Tests conviviaux<\/li>\n<li>Compact et discret<\/li>\n<li>Clavier num\u00e9rique pour un rappel facile de la date et de l\u2019heure du rendez-vous<\/li>\n<li>Installation et entretiens faciles<\/li>\n<li>Options programmables<\/li>\n<li>Enregistre tous les r\u00e9sultats de tests: les d\u00e9marrages, les arr\u00eats, les d\u00e9branchements et le trafiquage aux fins d\u2019examen.<\/li>\n<\/ul>\n<p><a class=\"smartsweb button small\" href=\"\/wp-content\/uploads\/2018\/12\/SmartStartCanada-SSI2035ManuelUtilisateur_FR.pdf\" target=\"_blank\" rel=\"noopener noreferrer\">TE\u0301LE\u0301CHARGER LA MANUEL SSI-20\/35&trade;<\/a><\/p>\n","protected":false},"excerpt":{"rendered":"<p>L&#8217;antide\u0301marreur s\u00e9rie SSI-20\/30\u2122 utilise la plus r\u00e9cente technologie de Smart Start Inc en mati\u00e8re d\u2019antid\u00e9marreurs \u00e9thylom\u00e9triques. Cet appareil plus \u00e9conomique et discret facilite l\u2019installation, l\u2019utilisation et la surveillance. Fonctionnalit\u00e9s d&#8217;antide\u0301marreur&#8230;<\/p>\n","protected":false},"author":1,"featured_media":0,"parent":2988,"menu_order":0,"comment_status":"open","ping_status":"open","template":"","meta":{"_acf_changed":false,"footnotes":""},"class_list":["post-3023","page","type-page","status-publish","hentry","wpautop"],"acf":[],"_links":{"self":[{"href":"https:\/\/www.smartstartcanada.ca\/fr\/wp-json\/wp\/v2\/pages\/3023","targetHints":{"allow":["GET"]}}],"collection":[{"href":"https:\/\/www.smartstartcanada.ca\/fr\/wp-json\/wp\/v2\/pages"}],"about":[{"href":"https:\/\/www.smartstartcanada.ca\/fr\/wp-json\/wp\/v2\/types\/page"}],"author":[{"embeddable":true,"href":"https:\/\/www.smartstartcanada.ca\/fr\/wp-json\/wp\/v2\/users\/1"}],"replies":[{"embeddable":true,"href":"https:\/\/www.smartstartcanada.ca\/fr\/wp-json\/wp\/v2\/comments?post=3023"}],"version-history":[{"count":0,"href":"https:\/\/www.smartstartcanada.ca\/fr\/wp-json\/wp\/v2\/pages\/3023\/revisions"}],"up":[{"embeddable":true,"href":"https:\/\/www.smartstartcanada.ca\/fr\/wp-json\/wp\/v2\/pages\/2988"}],"wp:attachment":[{"href":"https:\/\/www.smartstartcanada.ca\/fr\/wp-json\/wp\/v2\/media?parent=3023"}],"curies":[{"name":"wp","href":"https:\/\/api.w.org\/{rel}","templated":true}]}}