{"id":3060,"date":"2017-06-16T16:54:10","date_gmt":"2017-06-16T22:54:10","guid":{"rendered":"https:\/\/uuu.smartstartcanada.ca\/?page_id=3060"},"modified":"2025-08-27T11:07:28","modified_gmt":"2025-08-27T17:07:28","slug":"espace-client","status":"publish","type":"page","link":"https:\/\/www.smartstartcanada.ca\/fr\/espace-client\/","title":{"rendered":"Espace client"},"content":{"rendered":"<div id=\"addemail\" class=\"exp-col-content-holder\">\n<p><a href=\"#add-email\" class=\"expand-cnt-link smartsweb button grey\"><b>Ajouter une adresse \u00e9lectronique \u00e0 mon compte<\/b><\/a><\/p>\n<div class=\"hidden-content\">\n<p>Pour des raisons de s\u00e9curit\u00e9, les clients doivent v\u00e9rifier leur identit\u00e9 par t\u00e9l\u00e9phone au <a href=\"tel:18444324776\">844-432-4776<\/a> pour ajouter une adresse e-mail \u00e0 leur compte.<\/p>\n<\/div>\n<\/div>\n<p><a href=\".\/appointments\/\" class=\"smartweb button grey\"><b>Rendez-vous<\/b><\/a><br \/>\n<a href=\".\/request-report\/\" class=\"smartweb button teal\"><b>Demander un rapport<\/b><\/a><br \/>\n<a href=\".\/request-refund\/\" class=\"smartweb button teal\"><b>Demande de remboursement<\/b><\/a><br \/>\n<a href=\".\/occurrence-report\/\" class=\"smartweb button teal\"><b>Rapport d&#8217;incident<\/b><\/a><br \/>\n<a href=\".\/smartidle\/\" class=\"smartweb button teal\"><b>Smart IDLE\u2122<\/b><\/a><br \/>\n<a href=\".\/add-note\/\" class=\"smartweb button orange\"><b>Ajouter une note<\/b><\/a><br \/>\n<a href=\".\/add-vin-plate\/\" class=\"smartweb button orange\"><b>Ajouter le NIV\/la plaque<\/b><\/a><br \/>\n<a href=\".\/update-address\/\" class=\"smartweb button orange\"><b>Mise \u00e0 jour de l&#8217;adresse<\/b><\/a><br \/>\n<a href=\".\/upload-document\/\" class=\"smartweb button orange\"><b>T\u00e9l\u00e9charger le document<\/b><\/a><br \/>\n<a href=\".\/accident\/\" class=\"smartweb button red\"><b>Accident\/v\u00e9hicule en panne<\/b><\/a><\/p>\n<div class=\"exp-col-content-holder\">\n<p><a href=\"#program-fees\" class=\"expand-cnt-link smartweb button red\"><b>Frais de programme<\/b><\/a><\/p>\n<div class=\"hidden-content\">\n<ol class=\"annotations\">\n<li>Un technicien Smart Start d\u00e9terminera le montant de la taxe sp\u00e9ciale sur les v\u00e9hicules le jour de l&#8217;installation.<br \/>\nLes repr\u00e9sentants du centre d&#8217;appel ne peuvent pas d\u00e9terminer les taxes sur les v\u00e9hicules sp\u00e9ciaux en raison des grandes diff\u00e9rences entre les syst\u00e8mes d&#8217;allumage de chaque marque, mod\u00e8le et ann\u00e9e de tous les v\u00e9hicules.<\/li>\n<li>Comprend le plan de protection contre les pertes (PPCP).<\/li>\n<li>Les frais de verrouillage des infractions ne sont imput\u00e9s que lorsqu&#8217;un message VIOLOCK appara\u00eet sur l&#8217;appareil.<\/li>\n<li>Un pr\u00e9avis d&#8217;un jour ouvrable (24 heures) est n\u00e9cessaire pour \u00e9viter les frais de rendez-vous manqu\u00e9.<\/li>\n<\/ol>\n<h3>Exemples de frais communs<\/h3>\n<ul>\n<li>Les frais d&#8217;installation pour le Ford 150 2010 en Alberta seront de 252,00 $ sans taxe. Ce montant comprend 145 $ pour l&#8217;installation et 112 $ pour la redevance mensuelle.<\/li>\n<li>Si le client choisit deux mois de service pour la Chevy Sierra 2017, et a VIOLOCK sur son appareil. Factur\u00e9 au Manitoba pour deux mois de service 202,00 $, plus les frais d&#8217;infraction de 55 $. Total : 257,00 $ plus taxes.<\/li>\n<\/ul>\n<p><a href=\"https:\/\/www.smartstartcanada.ca\/fr\/columbie-britannique\/british-columbia-program-fees\/\" class=\"smartweb button\">Compl\u00e9ter les frais de la Colombie-Britannique<\/a><br \/>\n<a href=\"https:\/\/www.smartstartcanada.ca\/fr\/alberta\/alberta-program-fees\/\" class=\"smartweb button\">Compl\u00e9ter les frais de l&#8217;Alberta<\/a><br \/>\n<a href=\"https:\/\/www.smartstartcanada.ca\/fr\/saskatchewan\/frais-de-programme-de-la-saskatchewan\/\" class=\"smartweb button\">Compl\u00e9ter les frais de la Saskatchewan<\/a><br \/>\n<a href=\"https:\/\/www.smartstartcanada.ca\/fr\/manitoba\/manitoba-program-fees\/\" class=\"smartweb button\">Compl\u00e9ter les frais du Manitoba<\/a><br \/>\n<a href=\"https:\/\/www.smartstartcanada.ca\/fr\/ontario\/frais-de-programme-de-lontario\/\" class=\"smartweb button\">Compl\u00e9ter les frais de l&#8217;Ontario<\/a><\/p>\n<\/div>\n<\/div>\n<p>Smart Start ne partagera des informations qu&#8217;avec le client, <span class=\"Y2IQFc\" lang=\"fr\">sauf si le client a moins de 18 ans. <\/span>Aucune information ne sera donn\u00e9e \u00e0 la famille imm\u00e9diate ou \u00e0 un tiers.<\/p>\n","protected":false},"excerpt":{"rendered":"<p>Ajouter une adresse \u00e9lectronique \u00e0 mon compte Pour des raisons de s\u00e9curit\u00e9, les clients doivent v\u00e9rifier leur identit\u00e9 par t\u00e9l\u00e9phone au 844-432-4776 pour ajouter une adresse e-mail \u00e0 leur compte&#8230;.<\/p>\n","protected":false},"author":1,"featured_media":3465,"parent":0,"menu_order":0,"comment_status":"open","ping_status":"open","template":"templates\/page-fullwidthclientportal.php","meta":{"_acf_changed":false,"footnotes":""},"class_list":["post-3060","page","type-page","status-publish","has-post-thumbnail","hentry","wpautop"],"acf":[],"_links":{"self":[{"href":"https:\/\/www.smartstartcanada.ca\/fr\/wp-json\/wp\/v2\/pages\/3060","targetHints":{"allow":["GET"]}}],"collection":[{"href":"https:\/\/www.smartstartcanada.ca\/fr\/wp-json\/wp\/v2\/pages"}],"about":[{"href":"https:\/\/www.smartstartcanada.ca\/fr\/wp-json\/wp\/v2\/types\/page"}],"author":[{"embeddable":true,"href":"https:\/\/www.smartstartcanada.ca\/fr\/wp-json\/wp\/v2\/users\/1"}],"replies":[{"embeddable":true,"href":"https:\/\/www.smartstartcanada.ca\/fr\/wp-json\/wp\/v2\/comments?post=3060"}],"version-history":[{"count":0,"href":"https:\/\/www.smartstartcanada.ca\/fr\/wp-json\/wp\/v2\/pages\/3060\/revisions"}],"wp:featuredmedia":[{"embeddable":true,"href":"https:\/\/www.smartstartcanada.ca\/fr\/wp-json\/wp\/v2\/media\/3465"}],"wp:attachment":[{"href":"https:\/\/www.smartstartcanada.ca\/fr\/wp-json\/wp\/v2\/media?parent=3060"}],"curies":[{"name":"wp","href":"https:\/\/api.w.org\/{rel}","templated":true}]}}