{"id":3095,"date":"2017-06-21T17:46:47","date_gmt":"2017-06-21T23:46:47","guid":{"rendered":"https:\/\/uuu.smartstartcanada.ca\/liste-de-controle-des-documents-requis\/"},"modified":"2024-02-13T14:12:19","modified_gmt":"2024-02-13T20:12:19","slug":"liste-de-controle-des-documents-requis","status":"publish","type":"page","link":"https:\/\/www.smartstartcanada.ca\/fr\/liste-de-controle-des-documents-requis\/","title":{"rendered":"Liste de contr\u00f4le des documents requis"},"content":{"rendered":"<p><!--\n\n\n<h3><strong>Liste de contr\u00f4le des documents requis<\/strong><\/h3>\n\n\nPour faciliter au maximum l\u2019installation, veuillez vous assurer de t\u00e9l\u00e9charger et d\u2019imprimer la liste de contr\u00f4le des documents requis. Vous pouvez ensuite cocher les documents sur la liste \u00e0 mesure que vous les r\u00e9unissez. Ainsi, vous aurez tout ce dont nous avons besoin pour r\u00e9aliser l\u2019installation.\n\n\n<strong><a href=\"https:\/\/www.smartstartcanada.ca\/wp-content\/uploads\/2015\/01\/SSC-Required-Documents-Checklist-AB.pdf\" target=\"_blank\" rel=\"noopener noreferrer\">T\u00e9l\u00e9chargement \u2013 Alberta : Liste de contr\u00f4le des documents requis (PDF)<\/a><\/strong>\n<strong><a href=\"https:\/\/www.smartstartcanada.ca\/wp-content\/uploads\/2015\/11\/Required-Documents-Checklist-Manitoba.pdf\" target=\"_blank\" rel=\"noopener noreferrer\">T\u00e9l\u00e9chargement \u2013 Manitoba : Liste de contr\u00f4le des documents requis (PDF)<\/a><\/strong>\n<strong><a href=\"https:\/\/www.smartstartcanada.ca\/wp-content\/uploads\/2017\/05\/Required-Documents-Checklist-Saskatchewan.pdf\" target=\"_blank\" rel=\"noopener noreferrer\">T\u00e9l\u00e9chargement \u2013 Saskatchewan : Liste de contr\u00f4le des documents requis (PDF)<\/a>\n--><\/p>\n<h3 id=\"permission\"><strong>Permission d\u2019installer<\/strong><\/h3>\n<p>Vous aurez besoin du formulaire ci-dessous si Smart Start Canada doit installer un antid\u00e9marreur \u00e9thylom\u00e9trique dans un v\u00e9hicule dont vous n\u2019\u00eates pas le propri\u00e9taire.<\/p>\n<p><a href=\"\/wp-content\/uploads\/2024\/02\/SmartStartCanada-QC-FichePermissionInstaller_FR2024.pdf\" target=\"_blank\" rel=\"noopener noreferrer\"><strong>T\u00e9l\u00e9chargement \u2013 Qu\u00e9bec : Permission d\u2019installer (PDF &#8211; Fran\u00e7ais)<\/strong><\/a><br \/>\n<!--\n<strong><a href=\"https:\/\/www.smartstartcanada.ca\/wp-content\/uploads\/2015\/01\/SSC-Permission-to-Install-AB.pdf\" target=\"_blank\" rel=\"noopener noreferrer\">T\u00e9l\u00e9chargement \u2013 Alberta : Autorisation d\u2019installation (PDF)<\/a><\/strong>\n<strong><a href=\"https:\/\/www.smartstartcanada.ca\/wp-content\/uploads\/2016\/09\/BC-Permission-to-Install.pdf\" target=\"_blank\" rel=\"noopener noreferrer\">T\u00e9l\u00e9chargement \u2013 Colombie-Britannique : Autorisation d\u2019installation (PDF)<\/a><\/strong>\n<strong><a href=\"https:\/\/www.smartstartcanada.ca\/wp-content\/uploads\/2015\/11\/Manitoba-Permission-to-Install.pdf\" target=\"_blank\" rel=\"noopener noreferrer\">T\u00e9l\u00e9chargement \u2013 Manitoba : Autorisation d\u2019installation (PDF)<\/a><\/strong>\n<strong><a href=\"https:\/\/www.smartstartcanada.ca\/wp-content\/uploads\/2015\/01\/SSC-Permission-to-Install-SK-10.15.pdf\" target=\"_blank\" rel=\"noopener noreferrer\">T\u00e9l\u00e9chargement \u2013 Saskatchewan : Autorisation d\u2019installation (PDF)<\/a><\/strong>\n--><\/p>\n<h3><strong>Autres documents<\/strong><\/h3>\n<p><a href=\"\/wp-content\/uploads\/2023\/03\/SmartStartCanada-QC-FichePersonneMalentendante_FR2022.pdf\" target=\"_blank\" rel=\"noopener noreferrer\"><strong>T\u00e9l\u00e9chargement \u2013 Qu\u00e9bec : Demande pour personne malentendante (PDF &#8211; Fran\u00e7ais)<\/strong><\/a><br \/>\n<a href=\"\/wp-content\/uploads\/2023\/03\/SmartStartCanada-QC-FicheDemandeInterprete_FR2022.pdf\" target=\"_blank\" rel=\"noopener noreferrer\"><strong>T\u00e9l\u00e9chargement \u2013 Qu\u00e9bec : Interpre\u0300te requis (PDF &#8211; Fran\u00e7ais)<\/strong><\/a><br \/>\n<a href=\"\/wp-content\/uploads\/2023\/03\/SmartStartCanada-QC-FicheProcuration_FR2022.pdf\" target=\"_blank\" rel=\"noopener noreferrer\"><strong>T\u00e9l\u00e9chargement \u2013 Qu\u00e9bec : Formulaire de procuration (PDF &#8211; Fran\u00e7ais)<\/strong><\/a><br \/>\n<a href=\"\/wp-content\/uploads\/2023\/03\/SmartStartCanada-QC-FicheChangementVehicule_FR2022.pdf\" target=\"_blank\" rel=\"noopener noreferrer\"><strong>T\u00e9l\u00e9chargement \u2013 Qu\u00e9bec : Changement de ve\u0301hicule et transfert d\u2019antide\u0301marreur e\u0301thylome\u0301trique (PDF &#8211; Fran\u00e7ais)<\/strong><\/a><\/p>\n","protected":false},"excerpt":{"rendered":"<p>Permission d\u2019installer Vous aurez besoin du formulaire ci-dessous si Smart Start Canada doit installer un antid\u00e9marreur \u00e9thylom\u00e9trique dans un v\u00e9hicule dont vous n\u2019\u00eates pas le propri\u00e9taire. T\u00e9l\u00e9chargement \u2013 Qu\u00e9bec :&#8230;<\/p>\n","protected":false},"author":1,"featured_media":0,"parent":0,"menu_order":0,"comment_status":"open","ping_status":"open","template":"","meta":{"_acf_changed":false,"footnotes":""},"class_list":["post-3095","page","type-page","status-publish","hentry","wpautop"],"acf":[],"_links":{"self":[{"href":"https:\/\/www.smartstartcanada.ca\/fr\/wp-json\/wp\/v2\/pages\/3095","targetHints":{"allow":["GET"]}}],"collection":[{"href":"https:\/\/www.smartstartcanada.ca\/fr\/wp-json\/wp\/v2\/pages"}],"about":[{"href":"https:\/\/www.smartstartcanada.ca\/fr\/wp-json\/wp\/v2\/types\/page"}],"author":[{"embeddable":true,"href":"https:\/\/www.smartstartcanada.ca\/fr\/wp-json\/wp\/v2\/users\/1"}],"replies":[{"embeddable":true,"href":"https:\/\/www.smartstartcanada.ca\/fr\/wp-json\/wp\/v2\/comments?post=3095"}],"version-history":[{"count":0,"href":"https:\/\/www.smartstartcanada.ca\/fr\/wp-json\/wp\/v2\/pages\/3095\/revisions"}],"wp:attachment":[{"href":"https:\/\/www.smartstartcanada.ca\/fr\/wp-json\/wp\/v2\/media?parent=3095"}],"curies":[{"name":"wp","href":"https:\/\/api.w.org\/{rel}","templated":true}]}}