{"id":3232,"date":"2016-07-18T15:47:52","date_gmt":"2016-07-18T20:47:52","guid":{"rendered":"https:\/\/uuu.smartstartcanada.ca\/?page_id=3232"},"modified":"2019-06-19T18:40:25","modified_gmt":"2019-06-19T23:40:25","slug":"installation-de-la-colombie-britannique","status":"publish","type":"page","link":"https:\/\/www.smartstartcanada.ca\/fr\/columbie-britannique\/installation-de-la-colombie-britannique\/","title":{"rendered":"Installation de la Colombie Britannique"},"content":{"rendered":"<style type=\"text\/css\">\n.smartsweb.button {\n    color: #FFF !important;\n    padding: 10px 10px 7px 10px;\n    -webkit-transition: all 300ms ease-out;\n    -moz-transition: all 300ms ease-out;\n    transition: all 300ms ease-out;\n    font-weight: 700 !important;\n    line-height: 14px;\n    font-size: 14px;\n    margin: 2px 0px 2px 0 !important;\n}\n.smartidle.button {\n    color: #FFF !important;\n    padding: 10px 10px 7px 10px;\n    -webkit-transition: all 300ms ease-out;\n    -moz-transition: all 300ms ease-out;\n    transition: all 300ms ease-out;\n    font-weight: 700 !important;\n    line-height: 14px;\n    font-size: 14px;\n    background-color: #C73E34;\n    border-bottom: 5px solid #9F322A;\n    margin: 2px 0px 2px 0 !important;\n}\n.dndinsurance.button {\n    color: #FFF !important;\n    padding: 10px 10px 7px 10px;\n    -webkit-transition: all 300ms ease-out;\n    -moz-transition: all 300ms ease-out;\n    transition: all 300ms ease-out;\n    font-weight: 700 !important;\n    line-height: 14px;\n    font-size: 14px;\n    background-color: #003366;\n    border-bottom: 5px solid #FCBA19;\n    margin: 2px 0px 4px 0 !important;\n}\n.smartidles.button {\n    color: #FFF !important;\n    padding: 10px 10px 7px 10px;\n    -webkit-transition: all 300ms ease-out;\n    -moz-transition: all 300ms ease-out;\n    transition: all 300ms ease-out;\n    font-weight: 700 !important;\n    line-height: 14px;\n    font-size: 14px;\n    background-color: #4c90ff;\n    border-bottom: 5px solid #2e70db;\n    margin: 2px 0px 4px 0 !important;\n}\n<\/style>\n<p>Pour d\u00e9buter votre programme d\u2019antid\u00e9marrage \u00e9thylom\u00e9trique de la Colombie-Britannique, veuillez-vous assurer que vous avez confirm\u00e9 ce qui suit:<\/p>\n<ul>\n<li> Vous devez avoir re\u00e7u votre lettre de <a title=\"www.gov.bc.ca\/ignitioninterlock\" href=\"http:\/\/www.gov.bc.ca\/ignitioninterlock\"><u>RoadSafetyBC<\/u><\/a> ce qui indique que vous \u00eates tenu de participer au programme d\u2019antid\u00e9marrage \u00e9thylom\u00e9trique de la Colombie-Britannique.<\/li>\n<li>Vous pouvez contacter ICBC au <a href=\"tel:+18009501498\">1-800-950-1498<\/a> pour d\u00e9terminer si vous \u00eates admissible \u00e0 un permis de conduire restreint pour utilisateur d\u2019antid\u00e9marreur \u00e9thylom\u00e9trique.<\/li>\n<li><i>Si vous \u00eates admissible<\/i>, vous pouvez planifier votre installation d\u2019antid\u00e9marreur \u00e9thylom\u00e9trique en cliquant sur le bouton ci-dessous (ou <u><a href=\"\/fr\/columbie-britannique\/formulaire-dinstallation-pour-les-clients-de-la-colombie-britannique\/\">cliquez ici<\/a><\/u>) ou, appelez le <a href=\"tel:+18444324776\">1-844-432-4776<\/a>.<\/li>\n<li>Imm\u00e9diatement apr\u00e8s votre installation de l\u2019antid\u00e9marreur \u00e9thylom\u00e9trique de Smart Start, prenez votre certificat d\u2019Installation d\u2019antid\u00e9marreur \u00e9thylom\u00e9trique et 2 pi\u00e8ces d\u2019identit\u00e9 \u00e0 un bureau des licences de ICBC pour obtenir votre permis de conduire restreint pour utilisateur d\u2019antid\u00e9marrage \u00e9thylom\u00e9trique.<\/li>\n<\/ul>\n<p><a class=\"dndinsurance button\" href=\"http:\/\/www.gov.bc.ca\/ignitioninterlock\">Gouvernement de la Colombie-Britannique (Anglais)<\/a> <a class=\"smartidle button\" href=\"\/fr\/explication-des-frais-du-programme\/\">Explication des frais du programme<\/a> <a class=\"smartsweb button\" href=\"\/fr\/columbie-britannique\/formulaire-dinstallation-pour-les-clients-de-la-colombie-britannique\/\">Continuez vers le formulaire d&#8217;installation<\/a><\/p>\n","protected":false},"excerpt":{"rendered":"<p>Pour d\u00e9buter votre programme d\u2019antid\u00e9marrage \u00e9thylom\u00e9trique de la Colombie-Britannique, veuillez-vous assurer que vous avez confirm\u00e9 ce qui suit: Vous devez avoir re\u00e7u votre lettre de RoadSafetyBC ce qui indique que&#8230;<\/p>\n","protected":false},"author":1,"featured_media":0,"parent":3094,"menu_order":0,"comment_status":"open","ping_status":"open","template":"templates\/page-fullwidth.php","meta":{"_acf_changed":false,"footnotes":""},"class_list":["post-3232","page","type-page","status-publish","hentry","wpautop"],"acf":[],"_links":{"self":[{"href":"https:\/\/www.smartstartcanada.ca\/fr\/wp-json\/wp\/v2\/pages\/3232","targetHints":{"allow":["GET"]}}],"collection":[{"href":"https:\/\/www.smartstartcanada.ca\/fr\/wp-json\/wp\/v2\/pages"}],"about":[{"href":"https:\/\/www.smartstartcanada.ca\/fr\/wp-json\/wp\/v2\/types\/page"}],"author":[{"embeddable":true,"href":"https:\/\/www.smartstartcanada.ca\/fr\/wp-json\/wp\/v2\/users\/1"}],"replies":[{"embeddable":true,"href":"https:\/\/www.smartstartcanada.ca\/fr\/wp-json\/wp\/v2\/comments?post=3232"}],"version-history":[{"count":0,"href":"https:\/\/www.smartstartcanada.ca\/fr\/wp-json\/wp\/v2\/pages\/3232\/revisions"}],"up":[{"embeddable":true,"href":"https:\/\/www.smartstartcanada.ca\/fr\/wp-json\/wp\/v2\/pages\/3094"}],"wp:attachment":[{"href":"https:\/\/www.smartstartcanada.ca\/fr\/wp-json\/wp\/v2\/media?parent=3232"}],"curies":[{"name":"wp","href":"https:\/\/api.w.org\/{rel}","templated":true}]}}